{"id":873,"date":"2021-08-31T22:57:55","date_gmt":"2021-08-31T19:57:55","guid":{"rendered":"https:\/\/beymuhendislik.com.tr\/?page_id=873"},"modified":"2024-07-05T16:21:09","modified_gmt":"2024-07-05T13:21:09","slug":"home-page","status":"publish","type":"page","link":"https:\/\/beymuhendislik.com.tr\/","title":{"rendered":"Home Page"},"content":{"rendered":"\t\t<div data-elementor-type=\"wp-page\" data-elementor-id=\"873\" class=\"elementor elementor-873\" data-elementor-settings=\"[]\">\n\t\t\t\t\t\t<div class=\"elementor-inner\">\n\t\t\t\t\t\t\t<div class=\"elementor-section-wrap\">\n\t\t\t\t\t\t\t<section class=\"elementor-section elementor-top-section elementor-element elementor-element-cb6e282 elementor-section-height-min-height elementor-section-boxed elementor-section-height-default elementor-section-items-middle\" data-id=\"cb6e282\" data-element_type=\"section\" id=\"top\" data-settings=\"{&quot;background_background&quot;:&quot;classic&quot;}\">\n\t\t\t\t\t\t\t<div class=\"elementor-background-overlay\"><\/div>\n\t\t\t\t\t\t\t<div class=\"elementor-container elementor-column-gap-default\">\n\t\t\t\t\t\t\t<div class=\"elementor-row\">\n\t\t\t\t\t<div class=\"elementor-column elementor-col-100 elementor-top-column elementor-element elementor-element-baaf691\" data-id=\"baaf691\" data-element_type=\"column\">\n\t\t\t<div class=\"elementor-column-wrap elementor-element-populated\">\n\t\t\t\t\t\t\t<div class=\"elementor-widget-wrap\">\n\t\t\t\t\t\t<div class=\"elementor-element elementor-element-2122b2ae elementor-widget elementor-widget-heading\" data-id=\"2122b2ae\" data-element_type=\"widget\" data-widget_type=\"heading.default\">\n\t\t\t\t<div class=\"elementor-widget-container\">\n\t\t\t<h2 class=\"elementor-heading-title elementor-size-large\">Teknolojiyi Gelece\u011fe Ta\u015f\u0131yan \u00c7\u00f6z\u00fcm Orta\u011f\u0131n\u0131z<\/h2>\t\t<\/div>\n\t\t\t\t<\/div>\n\t\t\t\t<div class=\"elementor-element elementor-element-528c70a4 elementor-widget-divider--view-line elementor-widget elementor-widget-divider\" data-id=\"528c70a4\" data-element_type=\"widget\" data-widget_type=\"divider.default\">\n\t\t\t\t<div class=\"elementor-widget-container\">\n\t\t\t\t\t<div class=\"elementor-divider\">\n\t\t\t<span class=\"elementor-divider-separator\">\n\t\t\t\t\t\t<\/span>\n\t\t<\/div>\n\t\t\t\t<\/div>\n\t\t\t\t<\/div>\n\t\t\t\t<div class=\"elementor-element elementor-element-4d1507ee elementor-widget elementor-widget-heading\" data-id=\"4d1507ee\" data-element_type=\"widget\" data-widget_type=\"heading.default\">\n\t\t\t\t<div class=\"elementor-widget-container\">\n\t\t\t<p class=\"elementor-heading-title elementor-size-medium\">S\u00fcrd\u00fcr\u00fclebilir teknoloji geli\u015ftirmede lider firmam\u0131z, elektronikten g\u00f6m\u00fcl\u00fc yaz\u0131l\u0131ma, bulut \u00e7\u00f6z\u00fcmlerinden kontrol sistemlerine kadar geni\u015f bir yelpazede \u00e7\u00f6z\u00fcmler sunarak i\u015finizin gelece\u011fini g\u00fcvence alt\u0131na al\u0131r.<\/p>\t\t<\/div>\n\t\t\t\t<\/div>\n\t\t\t\t\t\t<\/div>\n\t\t\t\t\t<\/div>\n\t\t<\/div>\n\t\t\t\t\t\t\t\t<\/div>\n\t\t\t\t\t<\/div>\n\t\t<\/section>\n\t\t\t\t<section class=\"elementor-section elementor-top-section elementor-element elementor-element-3c122e4f elementor-section-boxed elementor-section-height-default elementor-section-height-default\" data-id=\"3c122e4f\" data-element_type=\"section\" id=\"whoweare\" data-settings=\"{&quot;background_background&quot;:&quot;none&quot;}\">\n\t\t\t\t\t\t<div class=\"elementor-container elementor-column-gap-default\">\n\t\t\t\t\t\t\t<div class=\"elementor-row\">\n\t\t\t\t\t<div class=\"elementor-column elementor-col-50 elementor-top-column elementor-element elementor-element-7fd5ae2e\" data-id=\"7fd5ae2e\" data-element_type=\"column\">\n\t\t\t<div class=\"elementor-column-wrap elementor-element-populated\">\n\t\t\t\t\t\t\t<div class=\"elementor-widget-wrap\">\n\t\t\t\t\t\t<div class=\"elementor-element elementor-element-25685b2 elementor-widget-divider--view-line elementor-widget elementor-widget-divider\" data-id=\"25685b2\" data-element_type=\"widget\" data-widget_type=\"divider.default\">\n\t\t\t\t<div class=\"elementor-widget-container\">\n\t\t\t\t\t<div class=\"elementor-divider\">\n\t\t\t<span class=\"elementor-divider-separator\">\n\t\t\t\t\t\t<\/span>\n\t\t<\/div>\n\t\t\t\t<\/div>\n\t\t\t\t<\/div>\n\t\t\t\t<div class=\"elementor-element elementor-element-c7d7331 elementor-widget elementor-widget-heading\" data-id=\"c7d7331\" data-element_type=\"widget\" data-widget_type=\"heading.default\">\n\t\t\t\t<div class=\"elementor-widget-container\">\n\t\t\t<h3 class=\"elementor-heading-title elementor-size-large\">B\u0130Z K\u0130M\u0130Z ?<\/h3>\t\t<\/div>\n\t\t\t\t<\/div>\n\t\t\t\t<div class=\"elementor-element elementor-element-7308c4fa elementor-widget elementor-widget-text-editor\" data-id=\"7308c4fa\" data-element_type=\"widget\" data-widget_type=\"text-editor.default\">\n\t\t\t\t<div class=\"elementor-widget-container\">\n\t\t\t\t\t\t\t\t<div class=\"elementor-text-editor elementor-clearfix\">\n\t\t\t\t<p>\u0130stanbul \u00dcniversitesi Teknoloji Geli\u015ftirme Merkezi b\u00fcnyesinde faaliyet g\u00f6steren teknoloji firmam\u0131z, s\u00fcrd\u00fcr\u00fclebilir teknoloji geli\u015ftirmeye adanm\u0131\u015ft\u0131r. Elektronik, g\u00f6m\u00fcl\u00fc yaz\u0131l\u0131m, bulut yaz\u0131l\u0131mlar\u0131, kontrol sistemleri \u00e7\u00f6z\u00fcmleri ve alg\u0131lay\u0131c\u0131lar tasarlayarak \u00fcretmekte ve s\u00fcrekli olarak yenilik\u00e7i \u00e7\u00f6z\u00fcmler geli\u015ftirmekteyiz.<\/p><p>Misyonumuz, end\u00fcstriyel ihtiya\u00e7lara y\u00f6nelik ileri teknoloji \u00e7\u00f6z\u00fcmleri sunarak verimlili\u011fi art\u0131rmak ve s\u00fcrd\u00fcr\u00fclebilirlik ilkelerini merkeze alarak \u00e7evresel etkileri minimize etmektir. Uzman kadromuz ve yenilik\u00e7i yakla\u015f\u0131m\u0131m\u0131zla, m\u00fc\u015fterilerimize \u00f6zelle\u015ftirilmi\u015f \u00e7\u00f6z\u00fcmler sunmay\u0131 hedefliyoruz. \u0130novasyon odakl\u0131 yakla\u015f\u0131m\u0131m\u0131zla, sekt\u00f6r\u00fcm\u00fczde \u00f6nc\u00fc ve g\u00fcvenilir bir i\u015f orta\u011f\u0131 olmay\u0131 ama\u00e7l\u0131yoruz.<\/p><p>Firmam\u0131z, teknolojiyi ileriye ta\u015f\u0131yan, s\u00fcrekli iyile\u015ftirme ve geli\u015ftirme anlay\u0131\u015f\u0131yla hareket eden bir vizyona sahiptir. M\u00fc\u015fteri memnuniyetini esas alarak, her projemizde kaliteyi ve g\u00fcvenilirli\u011fi \u00f6n planda tutuyoruz. Teknoloji alan\u0131ndaki de\u011fi\u015fimlere \u00f6nc\u00fcl\u00fck eden ve bu de\u011fi\u015fimleri m\u00fc\u015fterilerimize de\u011fer katmak i\u00e7in f\u0131rsata d\u00f6n\u00fc\u015ft\u00fcren bir ekibiz.<\/p><p><span style=\"vertical-align: inherit;\"><span style=\"vertical-align: inherit;\">\u00a0<\/span><\/span><\/p>\t\t\t\t\t<\/div>\n\t\t\t\t\t\t<\/div>\n\t\t\t\t<\/div>\n\t\t\t\t\t\t<\/div>\n\t\t\t\t\t<\/div>\n\t\t<\/div>\n\t\t\t\t<div class=\"elementor-column elementor-col-50 elementor-top-column elementor-element elementor-element-3362d261\" data-id=\"3362d261\" data-element_type=\"column\">\n\t\t\t<div class=\"elementor-column-wrap elementor-element-populated\">\n\t\t\t\t\t\t\t<div class=\"elementor-widget-wrap\">\n\t\t\t\t\t\t<div class=\"elementor-element elementor-element-c46a7ee elementor-widget elementor-widget-spacer\" data-id=\"c46a7ee\" data-element_type=\"widget\" data-widget_type=\"spacer.default\">\n\t\t\t\t<div class=\"elementor-widget-container\">\n\t\t\t\t\t<div class=\"elementor-spacer\">\n\t\t\t<div class=\"elementor-spacer-inner\"><\/div>\n\t\t<\/div>\n\t\t\t\t<\/div>\n\t\t\t\t<\/div>\n\t\t\t\t<div class=\"elementor-element elementor-element-1910b65c elementor-widget elementor-widget-image\" data-id=\"1910b65c\" data-element_type=\"widget\" data-widget_type=\"image.default\">\n\t\t\t\t<div class=\"elementor-widget-container\">\n\t\t\t\t\t\t\t\t<div class=\"elementor-image\">\n\t\t\t\t\t\t\t\t\t\t\t\t<img decoding=\"async\" src=\"https:\/\/beymuhendislik.com.tr\/wp-content\/uploads\/2021\/03\/1470399656_Branding.png\" title=\"1470399656_Branding.png\" alt=\"1470399656_Branding.png\" \/>\t\t\t\t\t\t\t\t\t\t\t\t\t\t<\/div>\n\t\t\t\t\t\t<\/div>\n\t\t\t\t<\/div>\n\t\t\t\t\t\t<\/div>\n\t\t\t\t\t<\/div>\n\t\t<\/div>\n\t\t\t\t\t\t\t\t<\/div>\n\t\t\t\t\t<\/div>\n\t\t<\/section>\n\t\t\t\t<section class=\"elementor-section elementor-top-section elementor-element elementor-element-3138a61 elementor-section-boxed elementor-section-height-default elementor-section-height-default\" data-id=\"3138a61\" data-element_type=\"section\" id=\"ourbrands\">\n\t\t\t\t\t\t<div class=\"elementor-container elementor-column-gap-default\">\n\t\t\t\t\t\t\t<div class=\"elementor-row\">\n\t\t\t\t\t<div class=\"elementor-column elementor-col-100 elementor-top-column elementor-element elementor-element-617042d\" data-id=\"617042d\" data-element_type=\"column\">\n\t\t\t<div class=\"elementor-column-wrap elementor-element-populated\">\n\t\t\t\t\t\t\t<div class=\"elementor-widget-wrap\">\n\t\t\t\t\t\t<div class=\"elementor-element elementor-element-d622cb0 elementor-widget-divider--view-line elementor-widget elementor-widget-divider\" data-id=\"d622cb0\" data-element_type=\"widget\" data-widget_type=\"divider.default\">\n\t\t\t\t<div class=\"elementor-widget-container\">\n\t\t\t\t\t<div class=\"elementor-divider\">\n\t\t\t<span class=\"elementor-divider-separator\">\n\t\t\t\t\t\t<\/span>\n\t\t<\/div>\n\t\t\t\t<\/div>\n\t\t\t\t<\/div>\n\t\t\t\t<div class=\"elementor-element elementor-element-fe1ebc9 elementor-widget elementor-widget-heading\" data-id=\"fe1ebc9\" data-element_type=\"widget\" data-widget_type=\"heading.default\">\n\t\t\t\t<div class=\"elementor-widget-container\">\n\t\t\t<h3 class=\"elementor-heading-title elementor-size-large\">markalar\u0131m\u0131z<\/h3>\t\t<\/div>\n\t\t\t\t<\/div>\n\t\t\t\t<section class=\"elementor-section elementor-inner-section elementor-element elementor-element-56f5f2f elementor-section-boxed elementor-section-height-default elementor-section-height-default\" data-id=\"56f5f2f\" data-element_type=\"section\">\n\t\t\t\t\t\t<div class=\"elementor-container elementor-column-gap-wider\">\n\t\t\t\t\t\t\t<div class=\"elementor-row\">\n\t\t\t\t\t<div class=\"elementor-column elementor-col-50 elementor-inner-column elementor-element elementor-element-ad6c180\" data-id=\"ad6c180\" data-element_type=\"column\">\n\t\t\t<div class=\"elementor-column-wrap elementor-element-populated\">\n\t\t\t\t\t\t\t<div class=\"elementor-widget-wrap\">\n\t\t\t\t\t\t<div class=\"elementor-element elementor-element-7134831 elementor-widget elementor-widget-testimonial\" data-id=\"7134831\" data-element_type=\"widget\" data-widget_type=\"testimonial.default\">\n\t\t\t\t<div class=\"elementor-widget-container\">\n\t\t\t\t\t<div class=\"elementor-testimonial-wrapper\">\n\t\t\t\t\t\t\t<div class=\"elementor-testimonial-content\">AHU CLOUD<\/div>\n\t\t\t\n\t\t\t\t\t\t<div class=\"elementor-testimonial-meta elementor-has-image elementor-testimonial-image-position-top\">\n\t\t\t\t<div class=\"elementor-testimonial-meta-inner\">\n\t\t\t\t\t\t\t\t\t\t\t<div class=\"elementor-testimonial-image\">\n\t\t\t\t\t\t\t<a href=\"http:\/\/www.ahucloud.com\"><img loading=\"lazy\" decoding=\"async\" width=\"176\" height=\"176\" src=\"https:\/\/beymuhendislik.com.tr\/wp-content\/uploads\/2021\/09\/ahu_logo_black_red-1.png\" class=\"attachment-full size-full\" alt=\"\" \/><\/a>\t\t\t\t\t\t<\/div>\n\t\t\t\t\t\n\t\t\t\t\t\t\t\t\t\t<div class=\"elementor-testimonial-details\">\n\t\t\t\t\t\t\t\t\t\t\t\t\t\t<a class=\"elementor-testimonial-name\" href=\"http:\/\/www.ahucloud.com\">HVAC IOT<\/a>\n\t\t\t\t\t\t\t\t\t\t\t\t\t\t\t\t\t\t\t\t\t\t<a class=\"elementor-testimonial-job\" href=\"http:\/\/www.ahucloud.com\">www.ahucloud.com<\/a>\n\t\t\t\t\t\t\t\t\t\t\t\t\t<\/div>\n\t\t\t\t\t\t\t\t\t<\/div>\n\t\t\t<\/div>\n\t\t\t\t\t<\/div>\n\t\t\t\t<\/div>\n\t\t\t\t<\/div>\n\t\t\t\t<div class=\"elementor-element elementor-element-b67ef8d elementor-view-default elementor-widget elementor-widget-icon\" data-id=\"b67ef8d\" data-element_type=\"widget\" data-widget_type=\"icon.default\">\n\t\t\t\t<div class=\"elementor-widget-container\">\n\t\t\t\t\t<div class=\"elementor-icon-wrapper\">\n\t\t\t<a class=\"elementor-icon\" href=\"https:\/\/www.linkedin.com\/company\/beymuh\">\n\t\t\t<i aria-hidden=\"true\" class=\"fab fa-linkedin\"><\/i>\t\t\t<\/a>\n\t\t<\/div>\n\t\t\t\t<\/div>\n\t\t\t\t<\/div>\n\t\t\t\t\t\t<\/div>\n\t\t\t\t\t<\/div>\n\t\t<\/div>\n\t\t\t\t<div class=\"elementor-column elementor-col-50 elementor-inner-column elementor-element elementor-element-a1450cc\" data-id=\"a1450cc\" data-element_type=\"column\">\n\t\t\t<div class=\"elementor-column-wrap elementor-element-populated\">\n\t\t\t\t\t\t\t<div class=\"elementor-widget-wrap\">\n\t\t\t\t\t\t<div class=\"elementor-element elementor-element-0d4aac3 elementor-widget elementor-widget-testimonial\" data-id=\"0d4aac3\" data-element_type=\"widget\" data-widget_type=\"testimonial.default\">\n\t\t\t\t<div class=\"elementor-widget-container\">\n\t\t\t\t\t<div class=\"elementor-testimonial-wrapper\">\n\t\t\t\t\t\t\t<div class=\"elementor-testimonial-content\">QB\u0130T CONTROL<\/div>\n\t\t\t\n\t\t\t\t\t\t<div class=\"elementor-testimonial-meta elementor-has-image elementor-testimonial-image-position-top\">\n\t\t\t\t<div class=\"elementor-testimonial-meta-inner\">\n\t\t\t\t\t\t\t\t\t\t\t<div class=\"elementor-testimonial-image\">\n\t\t\t\t\t\t\t<a href=\"http:\/\/www.qbitcontrol.com\"><img loading=\"lazy\" decoding=\"async\" width=\"176\" height=\"176\" src=\"https:\/\/beymuhendislik.com.tr\/wp-content\/uploads\/2021\/09\/rect104-6-9-54-7-2-2-9-7-1-3.png\" class=\"attachment-full size-full\" alt=\"\" \/><\/a>\t\t\t\t\t\t<\/div>\n\t\t\t\t\t\n\t\t\t\t\t\t\t\t\t\t<div class=\"elementor-testimonial-details\">\n\t\t\t\t\t\t\t\t\t\t\t\t\t\t<a class=\"elementor-testimonial-name\" href=\"http:\/\/www.qbitcontrol.com\">HVAC CONTROL<\/a>\n\t\t\t\t\t\t\t\t\t\t\t\t\t\t\t\t\t\t\t\t\t\t<a class=\"elementor-testimonial-job\" href=\"http:\/\/www.qbitcontrol.com\">www.qbitcontrol.com<\/a>\n\t\t\t\t\t\t\t\t\t\t\t\t\t<\/div>\n\t\t\t\t\t\t\t\t\t<\/div>\n\t\t\t<\/div>\n\t\t\t\t\t<\/div>\n\t\t\t\t<\/div>\n\t\t\t\t<\/div>\n\t\t\t\t<div class=\"elementor-element elementor-element-1582db7 elementor-view-default elementor-widget elementor-widget-icon\" data-id=\"1582db7\" data-element_type=\"widget\" data-widget_type=\"icon.default\">\n\t\t\t\t<div class=\"elementor-widget-container\">\n\t\t\t\t\t<div class=\"elementor-icon-wrapper\">\n\t\t\t<a class=\"elementor-icon\" href=\"https:\/\/www.linkedin.com\/company\/beymuh\">\n\t\t\t<i aria-hidden=\"true\" class=\"fab fa-linkedin\"><\/i>\t\t\t<\/a>\n\t\t<\/div>\n\t\t\t\t<\/div>\n\t\t\t\t<\/div>\n\t\t\t\t\t\t<\/div>\n\t\t\t\t\t<\/div>\n\t\t<\/div>\n\t\t\t\t\t\t\t\t<\/div>\n\t\t\t\t\t<\/div>\n\t\t<\/section>\n\t\t\t\t\t\t<\/div>\n\t\t\t\t\t<\/div>\n\t\t<\/div>\n\t\t\t\t\t\t\t\t<\/div>\n\t\t\t\t\t<\/div>\n\t\t<\/section>\n\t\t\t\t<section class=\"elementor-section elementor-top-section elementor-element elementor-element-51836a3 elementor-section-boxed elementor-section-height-default elementor-section-height-default\" data-id=\"51836a3\" data-element_type=\"section\" id=\"contactus\">\n\t\t\t\t\t\t<div class=\"elementor-container elementor-column-gap-default\">\n\t\t\t\t\t\t\t<div class=\"elementor-row\">\n\t\t\t\t\t<div class=\"elementor-column elementor-col-100 elementor-top-column elementor-element elementor-element-d9b7387\" data-id=\"d9b7387\" data-element_type=\"column\">\n\t\t\t<div class=\"elementor-column-wrap\">\n\t\t\t\t\t\t\t<div class=\"elementor-widget-wrap\">\n\t\t\t\t\t\t\t\t<\/div>\n\t\t\t\t\t<\/div>\n\t\t<\/div>\n\t\t\t\t\t\t\t\t<\/div>\n\t\t\t\t\t<\/div>\n\t\t<\/section>\n\t\t\t\t\t\t<\/div>\n\t\t\t\t\t\t<\/div>\n\t\t\t\t\t<\/div>\n\t\t","protected":false},"excerpt":{"rendered":"<p>Teknolojiyi Gelece\u011fe Ta\u015f\u0131yan \u00c7\u00f6z\u00fcm Orta\u011f\u0131n\u0131z S\u00fcrd\u00fcr\u00fclebilir teknoloji geli\u015ftirmede lider firmam\u0131z, elektronikten g\u00f6m\u00fcl\u00fc yaz\u0131l\u0131ma, bulut \u00e7\u00f6z\u00fcmlerinden kontrol sistemlerine kadar geni\u015f bir yelpazede \u00e7\u00f6z\u00fcmler sunarak i\u015finizin gelece\u011fini g\u00fcvence alt\u0131na al\u0131r. B\u0130Z K\u0130M\u0130Z ? \u0130stanbul \u00dcniversitesi Teknoloji Geli\u015ftirme Merkezi b\u00fcnyesinde faaliyet g\u00f6steren teknoloji firmam\u0131z, s\u00fcrd\u00fcr\u00fclebilir teknoloji geli\u015ftirmeye adanm\u0131\u015ft\u0131r. Elektronik, g\u00f6m\u00fcl\u00fc yaz\u0131l\u0131m, bulut yaz\u0131l\u0131mlar\u0131, kontrol sistemleri \u00e7\u00f6z\u00fcmleri ve alg\u0131lay\u0131c\u0131lar [&hellip;]<\/p>\n","protected":false},"author":2,"featured_media":0,"parent":0,"menu_order":0,"comment_status":"closed","ping_status":"closed","template":"","meta":{"footnotes":""},"_links":{"self":[{"href":"https:\/\/beymuhendislik.com.tr\/index.php\/wp-json\/wp\/v2\/pages\/873"}],"collection":[{"href":"https:\/\/beymuhendislik.com.tr\/index.php\/wp-json\/wp\/v2\/pages"}],"about":[{"href":"https:\/\/beymuhendislik.com.tr\/index.php\/wp-json\/wp\/v2\/types\/page"}],"author":[{"embeddable":true,"href":"https:\/\/beymuhendislik.com.tr\/index.php\/wp-json\/wp\/v2\/users\/2"}],"replies":[{"embeddable":true,"href":"https:\/\/beymuhendislik.com.tr\/index.php\/wp-json\/wp\/v2\/comments?post=873"}],"version-history":[{"count":202,"href":"https:\/\/beymuhendislik.com.tr\/index.php\/wp-json\/wp\/v2\/pages\/873\/revisions"}],"predecessor-version":[{"id":1409,"href":"https:\/\/beymuhendislik.com.tr\/index.php\/wp-json\/wp\/v2\/pages\/873\/revisions\/1409"}],"wp:attachment":[{"href":"https:\/\/beymuhendislik.com.tr\/index.php\/wp-json\/wp\/v2\/media?parent=873"}],"curies":[{"name":"wp","href":"https:\/\/api.w.org\/{rel}","templated":true}]}}